{"id":80,"date":"2015-08-24T16:36:06","date_gmt":"2015-08-24T16:36:06","guid":{"rendered":"http:\/\/www.ibeka.de:80\/?page_id=80"},"modified":"2017-08-28T19:31:02","modified_gmt":"2017-08-28T19:31:02","slug":"referenzen","status":"publish","type":"page","link":"https:\/\/www.ibeka.de\/?page_id=80","title":{"rendered":"SiGeKo Ausf\u00fchrung"},"content":{"rendered":"<p class=\"center\"><span style=\"color: #ff0000;\"><strong><em>Ein SiGe-Plan aus der\u00a0Planungsphase ist an den aktuellen Bauablauf und die Bautechnologie anzupassen und fortzuschreiben.<\/em><\/strong><\/span><\/p>\n<h4 class=\"center\">Als Sicherheit- und Gesundheitsschutzkoordinatoren mit langj\u00e4hrigen Erfahrungen betreuen wir Ihre Baustelle:<\/h4>\n<ul>\n<li>Ingenieurbauten (Br\u00fccken, Tunnel, Neubaustrecken Feste Fahrbahn)<\/li>\n<li>Kraftwerke und Umspannwerke<\/li>\n<li>Neu- und Ersatzneubauten im Hochspannungsleitungsbau (20V, 110kV, 220kV, 380kV)<\/li>\n<li>Eisenbahn: Sanierungsarbeiten in Gleisbereichen (Weichenwechsel, Schienenwechsel, Gleiswechsel)<\/li>\n<li>Abbrucharbeiten im Eisenbahnbereich<\/li>\n<li>Wasserbaustellen<\/li>\n<\/ul>\n<p><\/p>\n<h4 class=\"center\">Wir beraten Sie als Bauherrn zu allen Fragen rund um die Arbeitssicherheit als &#8222;Rundumsorglos-Paket&#8220;. Wir arbeiten sowohl eng mit Ihnen als Bauherr als auch mit den ausf\u00fchrenden Firmen, den entsprechenden Aufsichtsbeh\u00f6rden und Berufsgenossenschaften zusammen.<\/h4>\n<p>\nWir waren t\u00e4tig\u00a0u.a. in Th\u00fcringen (Erfurt, Ilmenau, Arnstadt, Gera, Gotha, Weimar, S\u00f6mmerda), in Sachsen (Chemnitz, Dresden, Leipzig, Zwickau, Aue, D\u00f6beln), in Sachsen-Anhalt (Magdeburg, Stendal, Halle, K\u00f6then, Dessau, Rosslau), in Hessen (Frankfurt\/M., Offenbach, Darmstadt, Aschaffenburg, Kassel), in Bayern (M\u00fcnchen, Straubing, N\u00fcrnberg, Bamberg, Bayreuth, Coburg), in Niedersachsen (Hannover, Hildesheim, G\u00f6ttingen), in Brandenburg (Brandenburg, Potsdam, Wittenberg), in Nordrhein-Westfalen (Dortmund, Essen), in Berlin, Bremen und Hamburg. Sie sehen, wir arbeiten deutschlandweit&#8230;<\/p>\n<p>&nbsp;<\/p>\n<h4>Sie arbeiten als SiGeKo und haben freie Spitzen? Melden Sie sich bei uns!<\/h4>\n<p><\/p>\n<h4><\/h4>\n<p>\n<em>Auszug aus der Baustellenverordnung<\/em><\/p>\n<h4>\u00a7 3 Koordinierung<\/h4>\n<p>\n(1) F\u00fcr Baustellen, auf denen Besch\u00e4ftigte mehrerer Arbeitgeber t\u00e4tig werden, sind ein oder mehrere geeignete Koordinatoren zu bestellen. Der Bauherr oder der von ihm nach \u00a7 4 beauftragte Dritte kann die Aufgaben des Koordinators selbst wahrnehmen.<br \/>\n(1a) Der Bauherr oder der von ihm beauftragte Dritte wird durch die Beauftragung geeigneter Koordinatoren nicht von seiner Verantwortung entbunden.<br \/>\n(2) W\u00e4hrend der Planung der Ausf\u00fchrung des Bauvorhabens hat der Koordinator<br \/>\n1.\u00a0die in \u00a7 2 Abs. 1 vorgesehenen Ma\u00dfnahmen zu koordinieren,<br \/>\n2.\u00a0den Sicherheits- und Gesundheitsschutzplan auszuarbeiten oder ausarbeiten zu lassen und3.\u00a0eine Unterlage mit den erforderlichen, bei m\u00f6glichen sp\u00e4teren Arbeiten an der baulichen Anlage zu ber\u00fccksichtigenden Angaben zur Sicherheit und Gesundheitsschutz zusammenzustellen.<br \/>\n(3) W\u00e4hrend der Ausf\u00fchrung des Bauvorhabens hat der Koordinator<br \/>\n1.\u00a0die Anwendung der allgemeinen Grunds\u00e4tze nach \u00a7 4 des Arbeitsschutzgesetzes zu koordinieren,<br \/>\n2.\u00a0darauf zu achten, da\u00df die Arbeitgeber und die Unternehmer ohne Besch\u00e4ftigte ihre Pflichten nach dieser Verordnung erf\u00fcllen,<br \/>\n3.\u00a0den Sicherheits- und Gesundheitsschutzplan bei erheblichen \u00c4nderungen in der Ausf\u00fchrung des Bauvorhabens anzupassen oder anpassen zu lassen,<br \/>\n4.\u00a0die Zusammenarbeit der Arbeitgeber zu organisieren und5.\u00a0die \u00dcberwachung der ordnungsgem\u00e4\u00dfen Anwendung der Arbeitsverfahren durch die Arbeitgeber zu koordinieren.<\/p>\n","protected":false},"excerpt":{"rendered":"<p>Ein SiGe-Plan aus der\u00a0Planungsphase ist an den aktuellen Bauablauf und die Bautechnologie anzupassen und fortzuschreiben. Als Sicherheit- und Gesundheitsschutzkoordinatoren mit langj\u00e4hrigen Erfahrungen betreuen wir Ihre Baustelle: Ingenieurbauten (Br\u00fccken, Tunnel, Neubaustrecken&hellip;<\/p>\n","protected":false},"author":1,"featured_media":0,"parent":0,"menu_order":3,"comment_status":"closed","ping_status":"closed","template":"","meta":{"footnotes":""},"class_list":["post-80","page","type-page","status-publish","hentry"],"_links":{"self":[{"href":"https:\/\/www.ibeka.de\/index.php?rest_route=\/wp\/v2\/pages\/80","targetHints":{"allow":["GET"]}}],"collection":[{"href":"https:\/\/www.ibeka.de\/index.php?rest_route=\/wp\/v2\/pages"}],"about":[{"href":"https:\/\/www.ibeka.de\/index.php?rest_route=\/wp\/v2\/types\/page"}],"author":[{"embeddable":true,"href":"https:\/\/www.ibeka.de\/index.php?rest_route=\/wp\/v2\/users\/1"}],"replies":[{"embeddable":true,"href":"https:\/\/www.ibeka.de\/index.php?rest_route=%2Fwp%2Fv2%2Fcomments&post=80"}],"version-history":[{"count":15,"href":"https:\/\/www.ibeka.de\/index.php?rest_route=\/wp\/v2\/pages\/80\/revisions"}],"predecessor-version":[{"id":1074,"href":"https:\/\/www.ibeka.de\/index.php?rest_route=\/wp\/v2\/pages\/80\/revisions\/1074"}],"wp:attachment":[{"href":"https:\/\/www.ibeka.de\/index.php?rest_route=%2Fwp%2Fv2%2Fmedia&parent=80"}],"curies":[{"name":"wp","href":"https:\/\/api.w.org\/{rel}","templated":true}]}}