{"id":3,"date":"2026-02-13T08:50:23","date_gmt":"2026-02-13T08:50:23","guid":{"rendered":"http:\/\/testibekade.local\/?page_id=3"},"modified":"2026-02-13T08:50:23","modified_gmt":"2026-02-13T08:50:23","slug":"privacy-policy","status":"publish","type":"page","link":"https:\/\/www.ibeka.de\/?page_id=3","title":{"rendered":"Impressum&amp;Datenschutz"},"content":{"rendered":"\n<p><strong>IMPRESSUM<\/strong><\/p>\n\n\n\n<p>IB Kramer GmbH<br>Hauptstrasse 24<br>99334 Amt Wachsenburg \/ Th\u00f6rey<br>Tel: +49 36202 343923<br>Fax: +49 36202 343924<br>email: info@ibeka.de<br>________________________________________________________________________<br>Registergericht: Amtsgericht Jena<br>HRB 523471<\/p>\n\n\n\n<p>Gesch\u00e4ftsf\u00fchrerin Ina Kramer<br>Gesch\u00e4ftsf\u00fchrer Thomas Kramer<\/p>\n\n\n\n<p>Verantwortlich f\u00fcr den Inhalt gem. Teledienstegesetz:<br>Thomas Kramer<\/p>\n\n\n\n<p><strong>Datenschutzerkl\u00e4rung<\/strong><\/p>\n\n\n\n<p><em>Anbieter und verantwortliche Stelle im Sinne des Datenschutzgesetzes<\/em><\/p>\n\n\n\n<p>IB Kramer GmbH<br>Herr Thomas Kramer<br>Hauptstrasse 24<br>99334 Amt Wachsenburg \/ Th\u00f6rey<br>Tel: +49 36202 343923<br>Fax: +49 36202 343924<br>email: info@ibeka.de<\/p>\n\n\n\n<p><em>Geltungsbereich<\/em><br>Diese Datenschutzerkl\u00e4rung soll die Nutzer dieser Website gem\u00e4\u00df Bundesdatenschutzgesetz und Telemediengesetz \u00fcber die Art, den Umfang und den Zweck der Erhebung und Verwendung personenbezogener Daten durch den Websitebetreiber IBEKA informieren.<br>Der Websitebetreiber nimmt Ihren Datenschutz sehr ernst und behandelt Ihre personenbezogenen Daten vertraulich und entsprechend der gesetzlichen Vorschriften. Bedenken Sie, dass die Daten\u00fcbertragung im Internet grunds\u00e4tzlich mit Sicherheitsl\u00fccken bedacht sein kann. Ein vollumf\u00e4nglicher Schutz vor dem Zugriff durch Fremde ist nicht realisierbar.<\/p>\n\n\n\n<p><em>Erfassung allgemeiner Informationen<\/em><br>Mit jedem Zugriff auf dieses Angebot werden durch uns bzw. den Webspace-Provider automatisch Informationen erfasst. Die erhobenen Daten dienen lediglich statistischen Auswertungen und zur Verbesserung der Website. Der Websitebetreiber beh\u00e4lt sich allerdings vor, die Server-Logfiles nachtr\u00e4glich zu \u00fcberpr\u00fcfen, sollten konkrete Anhaltspunkte auf eine rechtswidrige Nutzung hinweisen.<br>Folgende Daten werden so protokolliert:<br>\u2013 Besuchte Website<br>\u2013 Uhrzeit zum Zeitpunkt des Zugriffes<br>\u2013 Menge der gesendeten Daten in Byte<br>\u2013 Quelle\/Verweis, von welchem Sie auf die Seite gelangten<br>\u2013 Verwendeter Browser<br>\u2013 Verwendetes Betriebssystem<br>\u2013 Verwendete IP-Adresse<br>Diese Informationen, auch als Server-Logfiles bezeichnet, sind allgemeiner Natur und erlauben keine R\u00fcckschl\u00fcsse auf Ihre Person.<br>Ohne diese Daten w\u00e4re es technisch teils nicht m\u00f6glich, die Inhalte der Webseite auszuliefern und darzustellen. Insofern ist die Erfassung der Daten zwingend notwendig.<\/p>\n\n\n\n<p><em>Cookies<\/em><br>Diese Website verwendet Cookies. Dabei handelt es sich um kleine Textdateien, welche auf Ihrem Endger\u00e4t gespeichert werden. Ihr Browser greift auf diese Dateien zu. Durch den Einsatz von Cookies erh\u00f6ht sich die Benutzerfreundlichkeit und Sicherheit dieser Website.<br>G\u00e4ngige Browser bieten die Einstellungsoption, Cookies nicht zuzulassen. Hinweis: Es ist nicht gew\u00e4hrleistet, dass Sie auf alle Funktionen dieser Website ohne Einschr\u00e4nkungen zugreifen k\u00f6nnen, wenn Sie entsprechende Einstellungen vornehmen.<\/p>\n\n\n\n<p><em>Umgang mit personenbezogenen Daten<\/em><br>Der Websitebetreiber erhebt, nutzt und gibt Ihre personenbezogenen Daten nur dann weiter, wenn dies im gesetzlichen Rahmen erlaubt ist oder Sie in die Datenerhebung einwilligen.<br>Als personenbezogene Daten gelten s\u00e4mtliche Informationen, welche dazu dienen, Ihre Person zu bestimmen und welche zu Ihnen zur\u00fcckverfolgt werden k\u00f6nnen \u2013 also beispielsweise Ihr Name, Ihre E-Mail-Adresse und Telefonnummer.<\/p>\n\n\n\n<p><em>Registrierung auf unserer Webseite<\/em><br>Eine Registrierung auf unserer Webseite ist zwingend notwendig, um personalisierte Leistungen und Inhalte der APP\/Website in Anspruch zu nehmen. Dazu werden personenbezogene Daten erhoben wie beispielsweise der Name, die Anschrift sowie die Telefonnummer und die E-Mail-Adresse.<\/p>\n\n\n\n<p>Der Nutzer hat jederzeit die M\u00f6glichkeit, bei Bedarf die im Rahmen der Registrierung genannten Daten zu \u00e4ndern oder zu l\u00f6schen. Sollten Sie es w\u00fcnschen, teilen wir Ihnen mit, welche personenbezogenen Daten erhoben und gespeichert wurden. Dar\u00fcber hinaus berichtigen oder l\u00f6schen wir die Daten auf Anfrage unter der Voraussetzung, dass Ihrem Anliegen keine gesetzlichen Aufbewahrungspflichten entgegen stehen. Daf\u00fcr nutzen Sie bitte die o.g. Kontaktdaten.<\/p>\n\n\n\n<p><em>Kostenpflichtiger Leistungen<\/em><br>Um die kostenpflichtigen Leistungen berechnen zu k\u00f6nnen, fragen wir zus\u00e4tzliche Daten ab. Das gilt u.a. f\u00fcr die Angaben zur Zahlung. Wir arbeiten mit Verschl\u00fcsselungsverfahren (etwa SSL) \u00fcber HTTPS, die den aktuellen Stand der Technik widerspiegeln.<\/p>\n\n\n\n<p><em>Umgang mit Kommentaren und Beitr\u00e4gen<\/em><br>Hinterlassen Sie auf dieser Website einen Beitrag oder Kommentar, wird Ihre IP-Adresse gespeichert. Dies dient unserer Sicherheit: Verst\u00f6\u00dft Ihr Text gegen das Recht, k\u00f6nnen wir somit Ihre Identit\u00e4t nachverfolgen.<\/p>\n\n\n\n<p><em>Google Analytics<\/em><br>Diese Website nutzt den Dienst \u201eGoogle Analytics\u201c, welcher von der Google Inc. (1600 Amphitheatre Parkway Mountain View, CA 94043, USA) angeboten wird, zur Analyse der Websitebenutzung durch Nutzer. Der Dienst verwendet \u201eCookies\u201c \u2013 Textdateien, welche auf Ihrem Endger\u00e4t gespeichert werden. Die durch die Cookies gesammelten Informationen werden im Regelfall an einen Google-Server in den USA gesandt und dort gespeichert.<br>Auf dieser Website greift die IP-Anonymisierung. Die IP-Adresse der Nutzer wird innerhalb der Mitgliedsstaaten der EU und des Europ\u00e4ischen Wirtschaftsraum gek\u00fcrzt. Durch diese K\u00fcrzung entf\u00e4llt der Personenbezug Ihrer IP-Adresse. Im Rahmen der Vereinbarung zur Auftragsdatenvereinbarung, welche die Websitebetreiber mit der Google Inc. geschlossen haben, erstellt diese mithilfe der gesammelten Informationen eine Auswertung der Websitenutzung und der Websiteaktivit\u00e4t und erbringt mit der Internetnutzung verbundene Dienstleistungen.<br>Sie haben die M\u00f6glichkeit, die Speicherung des Cookies auf Ihrem Ger\u00e4t zu verhindern, indem Sie in Ihrem Browser entsprechende Einstellungen vornehmen. Es ist nicht gew\u00e4hrleistet, dass Sie auf alle Funktionen dieser Website ohne Einschr\u00e4nkungen zugreifen k\u00f6nnen, wenn Ihr Browser keine Cookies zul\u00e4sst.<br>Weiterhin k\u00f6nnen Sie durch ein Browser-Plugin verhindern, dass die durch Cookies gesammelten Informationen (inklusive Ihrer IP-Adresse) an die Google Inc. gesendet und von der Google Inc. genutzt werden.<br>Folgender Link f\u00fchrt Sie zu dem entsprechenden Plugin: https:\/\/tools.google.com\/dlpage\/gaoptout?hl=de<br>Alternativ verhindern Sie mit einem Klick auf diesen Link (WICHTIG! Opt-Out-Link einf\u00fcgen), dass Google Analytics innerhalb dieser Website Daten \u00fcber Sie erfasst. Mit dem Klick auf obigen Link laden Sie ein \u201eOpt-Out-Cookie\u201c herunter. Ihr Browser muss die Speicherung von Cookies also hierzu grunds\u00e4tzlich erlauben. L\u00f6schen Sie Ihre Cookies regelm\u00e4\u00dfig, ist ein erneuter Klick auf den Link bei jedem Besuch dieser Website vonn\u00f6ten.<br>Hier finden Sie weitere Informationen zur Datennutzung durch die Google Inc.: https:\/\/support.google.com\/analytics\/answer\/6004245?hl=de<\/p>\n\n\n\n<p><em>Nutzung von Social-Media-Plugins<\/em><br>Diese Website verwendet Facebook Social Plugins, welches von der Facebook Inc. (1 Hacker Way, Menlo Park, California 94025, USA) betrieben wird. Erkennbar sind die Einbindungen an dem Facebook-Logo bzw. an den Begriffen \u201eLike\u201c, \u201eGef\u00e4llt mir\u201c, \u201eTeilen\u201c in den Farben Facebooks (Blau und Wei\u00df). Informationen zu allen Facebook-Plugins finden Sie im folgenden Link: https:\/\/developers.facebook.com\/docs\/plugins\/<br>Das Plugin stellt eine direkte Verbindung zwischen Ihrem Browser und den Facebook-Servern her. Der Websitebetreiber hat keinerlei Einfluss auf die Natur und den Umfang der Daten, welche das Plugin an die Server der Facebook Inc. \u00fcbermittelt. Informationen dazu finden Sie hier: https:\/\/www.facebook.com\/help\/186325668085084<br>Das Plugin informiert die Facebook Inc. dar\u00fcber, dass Sie Nutzer diese Website besucht hat. Es besteht hierbei die M\u00f6glichkeit, dass Ihre IP-Adresse gespeichert wird. Sind Sie w\u00e4hrend des Besuchs auf dieser Website in Ihrem Facebook-Konto eingeloggt, werden die genannten Informationen mit diesem verkn\u00fcpft.<br>Nutzen Sie die Funktionen des Plugins \u2013 etwa indem Sie einen Beitrag teilen oder \u201eliken\u201c \u2013 werden die entsprechenden Informationen ebenfalls an die Facebook Inc. \u00fcbermittelt.<br>M\u00f6chten Sie verhindern, dass die Facebook. Inc. diese Daten mit Ihrem Facebook-Konto verkn\u00fcpft, loggen Sie sich bitte vor dem Besuch dieser Website bei Facebook aus.<br>Weiterhin nutzt diese Website die \u201e+1\u201c-Schaltfl\u00e4che von Google Plus. Betrieben wird diese von der Google Inc. (1600 Amphitheatre Parkway Mountain View, CA 94043, USA). Besuchen Sie eine Seite, welche die \u201e+1\u201c-Schaltfl\u00e4che enth\u00e4lt, entsteht eine direkte Verbindung zwischen Ihrem Browser und den Google-Servern. Der Websitebetreiber hat daher keinerlei Einfluss auf die Natur und den Umfang der Daten, welche das Plugin an die Server der Google Inc. \u00fcbermitteln. Klicken Sie auf den \u201e+1\u201c-Button, w\u00e4hrend Sie in Google + angemeldet sind, teilen Sie die Inhalte der Seite auf Ihrem \u00f6ffentlichen Profil.<br>Personenbezogene Daten werden laut der Google Inc. erst dann erhoben, wenn Sie auf die Schaltfl\u00e4che klicken. Auch bei eingeloggten Google-Nutzern wird unter anderem die IP-Adresse gespeichert. M\u00f6chten Sie verhindern, dass die Google Inc. diese Daten speichert und mit Ihrem Konto verkn\u00fcpft, loggen Sie sich bitte vor dem Besuch dieser Website aus.<br>Informationen zur \u201e+1\u201c-Schaltfl\u00e4che finden Sie hier: https:\/\/developers.google.com\/+\/web\/buttons-policy.<br>Weiterhin nutzt diese Website Twitter-Schlatfl\u00e4chen. Betrieben werden diese von der Twitter Inc. (795 Folsom St., Suite 600, San Francisco, CA 94107, USA). Besuchen Sie eine Seite, welche eine solche Schaltfl\u00e4che enth\u00e4lt, entsteht eine direkte Verbindung zwischen Ihrem Browser und den Twitter-Servern. Der Websitebetreiber hat daher keinerlei Einfluss \u00fcber die Natur und den Umfang der Daten, welche das Plugin an die Server Twitter Inc. \u00fcbermittelt.<br>Gem\u00e4\u00df der Twitter Inc. wird dabei allein Ihre IP-Adresse erhoben und gespeichert.<br>Informationen zu dem Umgang mit personenbezogenen Daten durch die Twitter Inc. finden Sie hier: https:\/\/twitter.com\/privacy?lang=de<\/p>\n\n\n\n<p><em>Abonnements und Newsletter<\/em><br>Sie haben die M\u00f6glichkeit, sowohl die gesamte Website als auch Nachfolgekommentare auf Ihren Beitrag zu abonnieren. Sie erhalten eine E-Mail zur Best\u00e4tigung Ihrer E-Mail-Adresse. Neben dieser werden keine weiteren Daten erhoben. Die gespeicherten Daten werden nicht an Dritte weitergereicht. Sie k\u00f6nnen ein Abonnement jederzeit abbestellen. Sollten Sie sich f\u00fcr unseren Newsletter anmelden, verwenden wir die von Ihnen eingegebenen Daten nur f\u00fcr diesen Zweck<br>Bei Bedarf werden wir Sie \u00fcber die f\u00fcr diesen Dienst oder die Registrierung relevanten Umst\u00e4nde \u00fcber diese Email-Adresse informieren.<br>Um sicherzustellen, dass eine E-Mail-Adresse nicht missbr\u00e4uchlich durch Dritte in unseren Verteiler eingetragen wird, arbeiten wir gesetzeskonform mit dem sogenannten \u201eDouble-Opt-In\u201c-Verfahren. Im Rahmen dieses Verfahren werden die Bestellung des Newsletters, der Versand der Best\u00e4tigungsmail und der Erhalt der Anmeldebest\u00e4tigung protokolliert.<br>Sie haben jederzeit die M\u00f6glichkeit, Ihre Einwilligung zur Speicherung der Daten, Ihrer E-Mail-Adresse und deren Nutzung f\u00fcr den Newsletter-Versand zu widerrufen. Nutzen Sie dazu die in diesem Dokument o.g. Kontaktm\u00f6glichkeiten.<\/p>\n\n\n\n<p><em>Kontaktformular<\/em><br>Wenn Sie uns \u00fcber das Onlineformular oder per E-Mail kontaktieren, speichern wir die von Ihnen gemachten Angaben, um Ihre Anfrage beantworten und m\u00f6gliche Anschlussfragen stellen zu k\u00f6nnen.<\/p>\n\n\n\n<p><em>Datensparsamkeit<\/em><br>Personenbezogene Daten speichern wir gem\u00e4\u00df den Grunds\u00e4tzen der Datenvermeidung und Datensparsamkeit nur so lange, wie es erforderlich ist oder vom Gesetzgeber her vorgeschrieben wird (gesetzliche Speicherfrist). Entf\u00e4llt der Zweck der erhobenen Informationen oder endet die Speicherfrist, sperren oder l\u00f6schen wir die Daten.<\/p>\n\n\n\n<p><em>Rechte des Nutzers: Auskunft, Berichtigung und L\u00f6schung<\/em><br>Sie als Nutzer erhalten auf Antrag Ihrerseits kostenlose Auskunft dar\u00fcber, welche personenbezogenen Daten \u00fcber Sie gespeichert wurden. Sofern Ihr Wunsch nicht mit einer gesetzlichen Pflicht zur Aufbewahrung von Daten (z. B. Vorratsdatenspeicherung) kollidiert, haben Sie ein Anrecht auf Berichtigung falscher Daten und auf die Sperrung oder L\u00f6schung Ihrer personenbezogenen Daten.<\/p>\n\n\n\n<p><em>\u00c4nderung der Datenschutzerkl\u00e4rung auf Grund gesetzlicher Vorgaben<\/em><br>Unsere Datenschutzerkl\u00e4rung soll stets den aktuellen gesetzlichen Vorgaben entsprechen, dazu sind ggf. \u00c4nderungen notwendig. Die \u00fcberarbeitete Datenschutzerkl\u00e4rung greift anschlie\u00dfend bei Ihrem n\u00e4chsten Besuch auf unsere Website\/APP.<\/p>\n","protected":false},"excerpt":{"rendered":"<p>IMPRESSUM IB Kramer GmbHHauptstrasse 2499334 Amt Wachsenburg \/ Th\u00f6reyTel: +49 36202 343923Fax: +49 36202 343924email: info@ibeka.de________________________________________________________________________Registergericht: Amtsgericht JenaHRB 523471 Gesch\u00e4ftsf\u00fchrerin Ina KramerGesch\u00e4ftsf\u00fchrer Thomas Kramer Verantwortlich f\u00fcr den Inhalt gem. Teledienstegesetz:Thomas&hellip;<\/p>\n","protected":false},"author":1,"featured_media":0,"parent":0,"menu_order":0,"comment_status":"closed","ping_status":"open","template":"","meta":{"footnotes":""},"class_list":["post-3","page","type-page","status-publish","hentry"],"_links":{"self":[{"href":"https:\/\/www.ibeka.de\/index.php?rest_route=\/wp\/v2\/pages\/3","targetHints":{"allow":["GET"]}}],"collection":[{"href":"https:\/\/www.ibeka.de\/index.php?rest_route=\/wp\/v2\/pages"}],"about":[{"href":"https:\/\/www.ibeka.de\/index.php?rest_route=\/wp\/v2\/types\/page"}],"author":[{"embeddable":true,"href":"https:\/\/www.ibeka.de\/index.php?rest_route=\/wp\/v2\/users\/1"}],"replies":[{"embeddable":true,"href":"https:\/\/www.ibeka.de\/index.php?rest_route=%2Fwp%2Fv2%2Fcomments&post=3"}],"version-history":[{"count":0,"href":"https:\/\/www.ibeka.de\/index.php?rest_route=\/wp\/v2\/pages\/3\/revisions"}],"wp:attachment":[{"href":"https:\/\/www.ibeka.de\/index.php?rest_route=%2Fwp%2Fv2%2Fmedia&parent=3"}],"curies":[{"name":"wp","href":"https:\/\/api.w.org\/{rel}","templated":true}]}}