{"id":2915,"date":"2026-02-15T18:38:48","date_gmt":"2026-02-15T18:38:48","guid":{"rendered":"https:\/\/www.ibeka.de\/?page_id=2915"},"modified":"2026-02-15T18:38:48","modified_gmt":"2026-02-15T18:38:48","slug":"wer-wir-sind","status":"publish","type":"page","link":"https:\/\/www.ibeka.de\/?page_id=2915","title":{"rendered":"Wer wir sind"},"content":{"rendered":"\n<p>Als Fachkr\u00e4fte f\u00fcr Arbeitssicherheit, Umweltschutzbeauftragte und SiGeKo betreuen wir \u00f6ffentliche und private Bauherren &#8211; in Th\u00fcringen, Bayern, Sachsen, Sachsen-Anhalt, Berlin und Brandenburg, Hessen, Rheinland-Pfalz, Niedersachsen,&#8230;<\/p>\n\n\n\n<p>Wir beraten Sie in Fragen Einf\u00fchrung eines Arbeitsschutzmanagementsystems bis zur Zertifizierung und ggf. dar\u00fcber hinaus.<\/p>\n\n\n\n<p>Viele Projekte wurden und werden durch unser B\u00fcro sowohl als Sicherheits- und Gesundheitsschutzkoordinatoren SiGeKo sowohl in der Planungsphase als auch in der Ausf\u00fchrungsphase betreut. Unsere T\u00e4tigkeitsschwerpunkte liegen u.a. im n\u00e4heren Umfeld wie z.B. in Erfurt, Jena, Weimar, Gera oder Eisenach, aber auch in Kassel, Leipzig, Dresden, Berlin, N\u00fcrnberg, Bayreuth.<\/p>\n\n\n\n<p>Seit einigen Jahren betreuen wir (haupts\u00e4chlich) Bahnprojekte als Baul\u00e4rmverantwortliche. Wir arbeiten eng mit den Auftraggebern, Auftragnehmern sowie &#8211; ganz besonders wichtig &#8211; mit den Anwohnern zusammen.<\/p>\n\n\n\n<p><\/p>\n","protected":false},"excerpt":{"rendered":"<p>Als Fachkr\u00e4fte f\u00fcr Arbeitssicherheit, Umweltschutzbeauftragte und SiGeKo betreuen wir \u00f6ffentliche und private Bauherren &#8211; in Th\u00fcringen, Bayern, Sachsen, Sachsen-Anhalt, Berlin und Brandenburg, Hessen, Rheinland-Pfalz, Niedersachsen,&#8230; Wir beraten Sie in Fragen&hellip;<\/p>\n","protected":false},"author":1,"featured_media":0,"parent":0,"menu_order":0,"comment_status":"closed","ping_status":"closed","template":"","meta":{"footnotes":""},"class_list":["post-2915","page","type-page","status-publish","hentry"],"_links":{"self":[{"href":"https:\/\/www.ibeka.de\/index.php?rest_route=\/wp\/v2\/pages\/2915","targetHints":{"allow":["GET"]}}],"collection":[{"href":"https:\/\/www.ibeka.de\/index.php?rest_route=\/wp\/v2\/pages"}],"about":[{"href":"https:\/\/www.ibeka.de\/index.php?rest_route=\/wp\/v2\/types\/page"}],"author":[{"embeddable":true,"href":"https:\/\/www.ibeka.de\/index.php?rest_route=\/wp\/v2\/users\/1"}],"replies":[{"embeddable":true,"href":"https:\/\/www.ibeka.de\/index.php?rest_route=%2Fwp%2Fv2%2Fcomments&post=2915"}],"version-history":[{"count":1,"href":"https:\/\/www.ibeka.de\/index.php?rest_route=\/wp\/v2\/pages\/2915\/revisions"}],"predecessor-version":[{"id":2916,"href":"https:\/\/www.ibeka.de\/index.php?rest_route=\/wp\/v2\/pages\/2915\/revisions\/2916"}],"wp:attachment":[{"href":"https:\/\/www.ibeka.de\/index.php?rest_route=%2Fwp%2Fv2%2Fmedia&parent=2915"}],"curies":[{"name":"wp","href":"https:\/\/api.w.org\/{rel}","templated":true}]}}